{"id":6122,"date":"2024-05-21T05:02:36","date_gmt":"2024-05-21T05:02:36","guid":{"rendered":"https:\/\/cosion.themeori.com\/?page_id=9"},"modified":"2025-07-06T13:37:31","modified_gmt":"2025-07-06T13:37:31","slug":"home-01","status":"publish","type":"page","link":"http:\/\/ir-afrique.com\/en\/home-01\/","title":{"rendered":"Homepage"},"content":{"rendered":"<div data-elementor-type=\"wp-page\" data-elementor-id=\"6122\" class=\"elementor elementor-6122\">\n\t\t\t\t\t\t<section class=\"elementor-section elementor-top-section elementor-element elementor-element-b642d83 elementor-section-boxed elementor-section-height-default elementor-section-height-default\" data-id=\"b642d83\" data-element_type=\"section\" data-settings=\"{&quot;background_background&quot;:&quot;classic&quot;}\">\n\t\t\t\t\t\t<div class=\"elementor-container elementor-column-gap-default\">\n\t\t\t\t\t<div class=\"elementor-column elementor-col-50 elementor-top-column elementor-element elementor-element-e8f70b1\" data-id=\"e8f70b1\" data-element_type=\"column\">\n\t\t\t<div class=\"elementor-widget-wrap elementor-element-populated\">\n\t\t\t\t\t\t<div class=\"elementor-element elementor-element-d0654b0 elementor-widget__width-auto elementor-icon-list--layout-traditional elementor-list-item-link-full_width elementor-widget elementor-widget-icon-list\" data-id=\"d0654b0\" data-element_type=\"widget\" data-widget_type=\"icon-list.default\">\n\t\t\t\t<div class=\"elementor-widget-container\">\n\t\t\t\t\t\t\t<ul class=\"elementor-icon-list-items\">\n\t\t\t\t\t\t\t<li class=\"elementor-icon-list-item\">\n\t\t\t\t\t\t\t\t\t\t\t<span class=\"elementor-icon-list-icon\">\n\t\t\t\t\t\t\t<svg aria-hidden=\"true\" class=\"e-font-icon-svg e-fas-circle\" viewbox=\"0 0 512 512\" xmlns=\"http:\/\/www.w3.org\/2000\/svg\"><path d=\"M256 8C119 8 8 119 8 256s111 248 248 248 248-111 248-248S393 8 256 8z\"><\/path><\/svg>\t\t\t\t\t\t<\/span>\n\t\t\t\t\t\t\t\t\t\t<span class=\"elementor-icon-list-text\">Expert Consulting <\/span>\n\t\t\t\t\t\t\t\t\t<\/li>\n\t\t\t\t\t\t<\/ul>\n\t\t\t\t\t\t<\/div>\n\t\t\t\t<\/div>\n\t\t\t\t<div class=\"elementor-element elementor-element-0df5375 elementor-widget elementor-widget-heading\" data-id=\"0df5375\" data-element_type=\"widget\" data-widget_type=\"heading.default\">\n\t\t\t\t<div class=\"elementor-widget-container\">\n\t\t\t\t\t<h2 class=\"elementor-heading-title elementor-size-default\">Mieux investir <\/h2>\t\t\t\t<\/div>\n\t\t\t\t<\/div>\n\t\t\t\t<div class=\"elementor-element elementor-element-691c023 elementor-widget elementor-widget-heading\" data-id=\"691c023\" data-element_type=\"widget\" data-widget_type=\"heading.default\">\n\t\t\t\t<div class=\"elementor-widget-container\">\n\t\t\t\t\t<p class=\"elementor-heading-title elementor-size-default\">Accompagner les investisseurs, les entreprises, les organisations non gouvernementales et les gouvernements dans l\u2019int\u00e9gration des crit\u00e8res environnementaux, sociaux et de gouvernance au c\u0153ur de leurs strat\u00e9gies, d\u00e9cisions et op\u00e9rations.<\/p>\t\t\t\t<\/div>\n\t\t\t\t<\/div>\n\t\t\t\t<div class=\"elementor-element elementor-element-2d56fe4 elementor-widget__width-auto elementor-widget elementor-widget-flexitype-creative-button\" data-id=\"2d56fe4\" data-element_type=\"widget\" data-widget_type=\"flexitype-creative-button.default\">\n\t\t\t\t<div class=\"elementor-widget-container\">\n\t\t\t\t\t        <div class=\"flexitype-btn\">\r\n            <a class=\"flexitype-btn-wrapper button-moema  right\" href=\"\/en\/services\/\" data-text=\"Commencer\">\r\n                <span>Start<\/span>\r\n                                    <i class=\"fas fa-plus\"><\/i>\r\n                            <\/a>\r\n        <\/div>\r\n        \t\t\t\t<\/div>\n\t\t\t\t<\/div>\n\t\t\t\t<div class=\"elementor-element elementor-element-43a3f5a elementor-widget__width-auto elementor-hidden-mobile elementor-widget elementor-widget-flexitype-icon-box\" data-id=\"43a3f5a\" data-element_type=\"widget\" data-widget_type=\"flexitype-icon-box.default\">\n\t\t\t\t<div class=\"elementor-widget-container\">\n\t\t\t\t\t\r\n        <div class=\"icon__box-item\">\r\n                                                                        <div class=\"icon__box-item-icon\">\r\n                        <i aria-hidden=\"true\" class=\"flaticon flaticon-phone-call-1\"><\/i>                                            <\/div>\r\n                                        <div class=\"icon__box-item-content\">\r\n                <div class=\"title\">\r\n                                            <h5>\r\n                                                            <a href=\"tel:%20+221%2078%20176%203208\">\r\n                                    +221 78 176 3208                                <\/a>\r\n                                                    <\/h5>\r\n                                                                <p>Do you need help?<\/p>\n                                    <\/div>\r\n                            <\/div>\r\n        <\/div>\r\n\r\n        \t\t\t\t<\/div>\n\t\t\t\t<\/div>\n\t\t\t\t\t<\/div>\n\t\t<\/div>\n\t\t\t\t<div class=\"elementor-column elementor-col-50 elementor-top-column elementor-element elementor-element-e13e74c\" data-id=\"e13e74c\" data-element_type=\"column\">\n\t\t\t<div class=\"elementor-widget-wrap elementor-element-populated\">\n\t\t\t\t\t\t<div class=\"elementor-element elementor-element-cd62e62 elementor-widget elementor-widget-image\" data-id=\"cd62e62\" data-element_type=\"widget\" data-widget_type=\"image.default\">\n\t\t\t\t<div class=\"elementor-widget-container\">\n\t\t\t\t\t\t\t\t\t\t\t\t\t\t\t<img fetchpriority=\"high\" decoding=\"async\" width=\"550\" height=\"556\" src=\"http:\/\/ir-afrique.com\/wp-content\/uploads\/2024\/08\/banner-2.png\" class=\"attachment-full size-full wp-image-1023\" alt=\"\" \/>\t\t\t\t\t\t\t\t\t\t\t\t\t\t\t<\/div>\n\t\t\t\t<\/div>\n\t\t\t\t\t<\/div>\n\t\t<\/div>\n\t\t\t\t\t<\/div>\n\t\t<\/section>\n\t\t<div class=\"elementor-element elementor-element-362b2be e-grid e-con-boxed e-con e-parent\" data-id=\"362b2be\" data-element_type=\"container\">\n\t\t\t\t\t<div class=\"e-con-inner\">\n\t\t<div class=\"elementor-element elementor-element-831d479 e-con-full e-flex e-con e-child\" data-id=\"831d479\" data-element_type=\"container\">\n\t\t\t\t<div class=\"elementor-element elementor-element-c406a1c elementor-widget elementor-widget-image\" data-id=\"c406a1c\" data-element_type=\"widget\" data-widget_type=\"image.default\">\n\t\t\t\t<div class=\"elementor-widget-container\">\n\t\t\t\t\t\t\t\t\t\t\t\t\t\t\t<img decoding=\"async\" width=\"440\" height=\"551\" src=\"http:\/\/ir-afrique.com\/wp-content\/uploads\/2024\/08\/about-1-4.png\" class=\"attachment-full size-full wp-image-1026\" alt=\"\" \/>\t\t\t\t\t\t\t\t\t\t\t\t\t\t\t<\/div>\n\t\t\t\t<\/div>\n\t\t\t\t<\/div>\n\t\t\t\t\t<\/div>\n\t\t\t\t<\/div>\n\t\t\t\t<section class=\"elementor-section elementor-top-section elementor-element elementor-element-d2a95e7 elementor-section-boxed elementor-section-height-default elementor-section-height-default\" data-id=\"d2a95e7\" data-element_type=\"section\" data-settings=\"{&quot;background_background&quot;:&quot;classic&quot;}\">\n\t\t\t\t\t\t<div class=\"elementor-container elementor-column-gap-default\">\n\t\t\t\t\t<div class=\"elementor-column elementor-col-100 elementor-top-column elementor-element elementor-element-0bf555d\" data-id=\"0bf555d\" data-element_type=\"column\">\n\t\t\t<div class=\"elementor-widget-wrap elementor-element-populated\">\n\t\t\t\t\t\t<div class=\"elementor-element elementor-element-03f243e elementor-widget elementor-widget-heading\" data-id=\"03f243e\" data-element_type=\"widget\" data-widget_type=\"heading.default\">\n\t\t\t\t<div class=\"elementor-widget-container\">\n\t\t\t\t\t<h2 class=\"elementor-heading-title elementor-size-default\">Services<\/h2>\t\t\t\t<\/div>\n\t\t\t\t<\/div>\n\t\t\t\t\t<\/div>\n\t\t<\/div>\n\t\t\t\t\t<\/div>\n\t\t<\/section>\n\t\t\t\t<section class=\"elementor-section elementor-top-section elementor-element elementor-element-2fdff9f elementor-section-boxed elementor-section-height-default elementor-section-height-default\" data-id=\"2fdff9f\" data-element_type=\"section\" data-settings=\"{&quot;background_background&quot;:&quot;classic&quot;}\">\n\t\t\t\t\t\t<div class=\"elementor-container elementor-column-gap-default\">\n\t\t\t\t\t<div class=\"elementor-column elementor-col-100 elementor-top-column elementor-element elementor-element-4af6547\" data-id=\"4af6547\" data-element_type=\"column\">\n\t\t\t<div class=\"elementor-widget-wrap elementor-element-populated\">\n\t\t\t\t\t\t<div class=\"elementor-element elementor-element-b846abb slider-slide_box_yes elementor-widget elementor-widget-flexitype-icon-box-slider\" data-id=\"b846abb\" data-element_type=\"widget\" data-widget_type=\"flexitype-icon-box-slider.default\">\n\t\t\t\t<div class=\"elementor-widget-container\">\n\t\t\t\t\t        <div class=\"flexitype_slider\">\r\n            <div class=\"swiper flexitype_slide242 slide_box\">\r\n                <div class=\"swiper-wrapper\">\r\n                                            <div class=\"swiper-slide\">\r\n                            <div class=\"icon__box-item custom_badge  elementor-repeater-item-ebabc84\">\r\n                                                                                                    <div class=\"icon__box-item-overlay\"><\/div>\r\n                                                                                                    <div class=\"icon__box-item-icon\">\r\n                                        <i aria-hidden=\"true\" class=\"flaticon flaticon-business-intelligence\"><\/i>                                    <\/div>\r\n                                                                <div class=\"icon__box-item-content\">\r\n                                    <div class=\"title\">\r\n                                                                                    <h5>\r\n                                                                                                    <a href=\"\/en\/service\/accompagnement\/\">\r\n                                                        Support                                                    <\/a>\r\n                                                                                            <\/h5>\r\n                                                                                                                            <p>Soutien dans les transactions\n\nInvestissement Responsable<\/p>\r\n                                                                            <\/div>\r\n                                                                        <div>\r\n                                        <a class=\"flexitype-button right\" href=\"\/en\/service\/accompagnement\/\">\r\n                                            En savoir plus                                            <i class=\"fas fa-plus\"><\/i>                                        <\/a>\r\n                                    <\/div>\r\n                                                                    <\/div>\r\n                            <\/div>\r\n                        <\/div>\r\n                                            <div class=\"swiper-slide\">\r\n                            <div class=\"icon__box-item custom_badge  elementor-repeater-item-defe594\">\r\n                                                                                                    <div class=\"icon__box-item-overlay\"><\/div>\r\n                                                                                                    <div class=\"icon__box-item-icon\">\r\n                                        <i aria-hidden=\"true\" class=\"flaticon flaticon-portfolio-1\"><\/i>                                    <\/div>\r\n                                                                <div class=\"icon__box-item-content\">\r\n                                    <div class=\"title\">\r\n                                                                                    <h5>\r\n                                                                                                    <a href=\"\/en\/service\/mergers-acquisitions\/\">\r\n                                                        Research and Consultancy                                                    <\/a>\r\n                                                                                            <\/h5>\r\n                                                                                                                            <p>Services to non-governmental organisations (NGOs)<\/p>\r\n                                                                            <\/div>\r\n                                                                        <div>\r\n                                        <a class=\"flexitype-button right\" href=\"\/en\/service\/mergers-acquisitions\/\">\r\n                                            En savoir plus                                            <i class=\"fas fa-plus\"><\/i>                                        <\/a>\r\n                                    <\/div>\r\n                                                                    <\/div>\r\n                            <\/div>\r\n                        <\/div>\r\n                                            <div class=\"swiper-slide\">\r\n                            <div class=\"icon__box-item custom_badge  elementor-repeater-item-406862f\">\r\n                                                                                                    <div class=\"icon__box-item-overlay\"><\/div>\r\n                                                                                                    <div class=\"icon__box-item-icon\">\r\n                                        <i aria-hidden=\"true\" class=\"flaticon flaticon-strategy\"><\/i>                                    <\/div>\r\n                                                                <div class=\"icon__box-item-content\">\r\n                                    <div class=\"title\">\r\n                                                                                    <h5>\r\n                                                                                                    <a href=\"\/en\/service\/sustainability-strategy\/\">\r\n                                                        Formation                                                    <\/a>\r\n                                                                                            <\/h5>\r\n                                                                                                                            <p>Environmental and social risk management and environmental and social management system<\/p>\r\n                                                                            <\/div>\r\n                                                                        <div>\r\n                                        <a class=\"flexitype-button right\" href=\"\/en\/service\/sustainability-strategy\/\">\r\n                                            Read More                                            <i class=\"fas fa-plus\"><\/i>                                        <\/a>\r\n                                    <\/div>\r\n                                                                    <\/div>\r\n                            <\/div>\r\n                        <\/div>\r\n                                    <\/div>\r\n            <\/div>\r\n                                <\/div>\r\n        <script>\r\n            (function ($) {\r\n                \"use strict\";\r\n                $(document).ready(function () {\r\n                    var autoplayOption = \"yes\";\r\n                    var enableAutoplay = (autoplayOption === 'yes');\r\n                    var swiper = new Swiper(\".flexitype_slide242\", {\r\n                        loop: true,\r\n                        spaceBetween: 25,\r\n                        speed: 1200,\r\n                        autoplay: enableAutoplay ? {\r\n                            delay: 4000,\r\n                            reverseDirection: false,\r\n                            disableOnInteraction: false,\r\n                        } : false,\r\n                        navigation: {\r\n                            prevEl: '.swiper-button-prev-sliderid',\r\n                            nextEl: '.swiper-button-next-sliderid',\r\n                        },\r\n                        pagination: {\r\n                            el: \".flexitype_slide_dots-sliderid\",\r\n                            clickable: true,\r\n                        },\r\n                        breakpoints: {\r\n                            0: {\r\n                                slidesPerView: 1,\r\n                            },\r\n                            768: {\r\n                                slidesPerView: 2,\r\n                            },\r\n                            1025: {\r\n                                slidesPerView: 3,\r\n                            },\r\n                            1600: {\r\n                                slidesPerView: 3,\r\n                            },\r\n                        },\r\n                    });\r\n                });\r\n            })(jQuery);\r\n        <\/script>\r\n        \t\t\t\t<\/div>\n\t\t\t\t<\/div>\n\t\t\t\t\t<\/div>\n\t\t<\/div>\n\t\t\t\t\t<\/div>\n\t\t<\/section>\n\t\t\t\t<section class=\"elementor-section elementor-top-section elementor-element elementor-element-7f769e8 elementor-section-full_width overflow-hidden elementor-section-height-default elementor-section-height-default\" data-id=\"7f769e8\" data-element_type=\"section\">\n\t\t\t\t\t\t<div class=\"elementor-container elementor-column-gap-no\">\n\t\t\t\t\t<div class=\"elementor-column elementor-col-100 elementor-top-column elementor-element elementor-element-b625f5a\" data-id=\"b625f5a\" data-element_type=\"column\">\n\t\t\t<div class=\"elementor-widget-wrap\">\n\t\t\t\t\t\t\t<\/div>\n\t\t<\/div>\n\t\t\t\t\t<\/div>\n\t\t<\/section>\n\t\t\t\t<section class=\"elementor-section elementor-top-section elementor-element elementor-element-1bf8859 overflow-hidden elementor-section-boxed elementor-section-height-default elementor-section-height-default\" data-id=\"1bf8859\" data-element_type=\"section\">\n\t\t\t\t\t\t<div class=\"elementor-container elementor-column-gap-default\">\n\t\t\t\t\t<div class=\"elementor-column elementor-col-100 elementor-top-column elementor-element elementor-element-5f84118\" data-id=\"5f84118\" data-element_type=\"column\">\n\t\t\t<div class=\"elementor-widget-wrap\">\n\t\t\t\t\t\t\t<\/div>\n\t\t<\/div>\n\t\t\t\t\t<\/div>\n\t\t<\/section>\n\t\t<div class=\"elementor-element elementor-element-d18c45b e-flex e-con-boxed e-con e-parent\" data-id=\"d18c45b\" data-element_type=\"container\">\n\t\t\t\t\t<div class=\"e-con-inner\">\n\t\t\t\t\t<\/div>\n\t\t\t\t<\/div>\n\t\t\t\t<\/div>","protected":false},"excerpt":{"rendered":"<p>Expert Consulting Mieux investir Accompagner les investisseurs, les entreprises, les organisations non gouvernementales et les gouvernements dans l\u2019int\u00e9gration des crit\u00e8res environnementaux, sociaux et de gouvernance au c\u0153ur de leurs strat\u00e9gies, d\u00e9cisions et op\u00e9rations. Commencer +221 78 176 3208 Besoin d&rsquo;aide ? Services Accompagnement Soutien dans les transactions Investissement Responsable En savoir plus \u00c9tudes et Conseils [&hellip;]<\/p>\n","protected":false},"author":1,"featured_media":0,"parent":0,"menu_order":0,"comment_status":"closed","ping_status":"closed","template":"elementor_header_footer","meta":{"footnotes":""},"class_list":["post-6122","page","type-page","status-publish","hentry"],"_links":{"self":[{"href":"http:\/\/ir-afrique.com\/en\/wp-json\/wp\/v2\/pages\/6122","targetHints":{"allow":["GET"]}}],"collection":[{"href":"http:\/\/ir-afrique.com\/en\/wp-json\/wp\/v2\/pages"}],"about":[{"href":"http:\/\/ir-afrique.com\/en\/wp-json\/wp\/v2\/types\/page"}],"author":[{"embeddable":true,"href":"http:\/\/ir-afrique.com\/en\/wp-json\/wp\/v2\/users\/1"}],"replies":[{"embeddable":true,"href":"http:\/\/ir-afrique.com\/en\/wp-json\/wp\/v2\/comments?post=6122"}],"version-history":[{"count":94,"href":"http:\/\/ir-afrique.com\/en\/wp-json\/wp\/v2\/pages\/6122\/revisions"}],"predecessor-version":[{"id":6394,"href":"http:\/\/ir-afrique.com\/en\/wp-json\/wp\/v2\/pages\/6122\/revisions\/6394"}],"wp:attachment":[{"href":"http:\/\/ir-afrique.com\/en\/wp-json\/wp\/v2\/media?parent=6122"}],"curies":[{"name":"wp","href":"https:\/\/api.w.org\/{rel}","templated":true}]}}